{"id":3289,"date":"2023-09-29T15:26:05","date_gmt":"2023-09-29T15:26:05","guid":{"rendered":"https:\/\/hsb.nfsb.qc.ca\/?page_id=3289"},"modified":"2026-04-30T14:31:19","modified_gmt":"2026-04-30T14:31:19","slug":"links","status":"publish","type":"page","link":"https:\/\/hsb.nfsb.qc.ca\/fr\/links\/","title":{"rendered":"Liens communautaires"},"content":{"rendered":"<h3><a href=\"https:\/\/www.entraidemercier.ca\/\" target=\"_blank\" rel=\"noopener\">Entraide Mercier<\/a><\/h3>\n<p>Entraide Mercier&#8217;s mission is to support people in need and encourage community sharing.<br \/>\nPour mener \u00e0 bien sa mission, l'organisation g\u00e8re un magasin d'occasion communautaire.<br \/>\nIl est ouvert au grand public pour les achats. Les b\u00e9n\u00e9fices g\u00e9n\u00e9r\u00e9s par les activit\u00e9s du comptoir, ainsi que les dons et subventions, permettent \u00e0 l'organisation de lutter contre la pauvret\u00e9 et l'exclusion sociale, et d'aider les personnes d\u00e9favoris\u00e9es dans diff\u00e9rentes sph\u00e8res de leur vie.<\/p>\n<p>Check out their monthly newsletter: <a href=\"https:\/\/hsb.nfsb.qc.ca\/wp-content\/uploads\/sites\/2\/2026\/04\/Infolettre-scolaire_Avril-2026.pdf\">Infolettre scolaire_Avril 2026<\/a><\/p>\n<p>&nbsp;<\/p>\n<h3>Le Virage<\/h3>\n<p>Beno\u00eet Cordeau: <span style=\"font-size: 16px;\"><a href=\"mailto:benoit.cordeau.crdlevirage16@ssss.gouv.qc.ca\" target=\"_blank\" rel=\"noopener\">benoit.cordeau.crdlevirage16@ssss.gouv.qc.ca<\/a><br \/>\n<\/span>Le Virage Addiction Rehabilitation Center (CRD). Le Virage CRD primarily focuses on treating individuals with a drug and\/or alcohol addiction or problem gambling. Every year, over 8,000 users benefit from Le Virage clinicians who work with the clients every day. Their goals are to help you reduce the harmful consequences, adopt responsible behaviour, regain self-confidence and power, discover strengths, and acquire new skills.<\/p>\n<p>&nbsp;<\/p>\n<h3>AVIF Chantal Avif<\/h3>\n<p><a href=\"mailto:avif@bellnet.ca\" target=\"_blank\" rel=\"noopener\">avif@bellnet.ca<\/a><br \/>\n450-692-7313<br \/>\nAVIF\/s mandate is to help men and adolescents who want to stop violent behaviour, men experiencing violence and men in difficulty. In this sense, AVIF aims to promote a society without violence through it actions.<\/p>\n<p>&nbsp;<\/p>\n<h3>CALACS<\/h3>\n<p>Brandi: <a href=\"mailto:info@calacs-chateauguay.ca\" target=\"_blank\" rel=\"noopener\">info@calacs-chateauguay.ca<\/a><br \/>\nJulie: <a href=\"mailto:julie.guibord@calacs-chateauguay.ca\" target=\"_blank\" rel=\"noopener\">julie.guibord@calacs-chateauguay.ca<\/a><br \/>\n450-699-8258<br \/>\nThe Ch\u00e2teauguay Sexual Assault Assistance and Response Centre (CALACS) is an independent community organization:<br \/>\n\u00b7 who works to denounce sexual violence and tirelessly continues her work to ensure adequate support for adolescent girls (12 years and older) and women who have been sexually assaulted.<br \/>\n\u00b7 which informs and raises awareness among the population of the need to take preventive action in matters of sexual violence and to defend the rights of victims of sexual assault and of all women to live in safety and with respect for their integrity and privacy.<\/p>\n<p>&nbsp;<\/p>\n<h3>Benado<\/h3>\n<p>Cynthia Chartrand: <a href=\"mailto:cynthia.chartrand@benado.org\" target=\"_blank\" rel=\"noopener\">cynthia.chartrand@benado.org<\/a><br \/>\nIsabelle Dubuc: <a href=\"mailto:isabelle.dubuc@benado.org\" target=\"_blank\" rel=\"noopener\">isabelle.dubuc@benado.org<\/a><br \/>\n450-632-1640<br \/>\nThrough awareness-raising or remedial activities, promote the prevention of juvenile delinquency among adolescents ages 12-18 in consultation with the community.<\/p>\n<p>&nbsp;<\/p>\n<h3>Carrefour Jeunesse Emploi<\/h3>\n<p>F Boursier: <a href=\"mailto:fboursier@cjechateauguay.org\" target=\"_blank\" rel=\"noopener\">fboursier@cjechateauguay.org<\/a><br \/>\nMichele Lazure: <a href=\"mailto:mlazure@cjechateauguay.org\" target=\"_blank\" rel=\"noopener\">mlazure@cjechateauguay.org<\/a><br \/>\n450-699-8001<br \/>\nThe Carrefour Jeunesse-Emploi is a place where it is good to meet, to be advised, listened to, inspired, encouraged and to better find one\u2019s place in the community.<\/p>\n<p>&nbsp;<\/p>\n<h3>L\u2019Accolade Sante Mentale<\/h3>\n<p><a href=\"mailto:juneau@accoladesantementale.org\" target=\"_blank\" rel=\"noopener\">juneau@accoladesantementale.org<\/a><br \/>\n450-699-7059<br \/>\nMission is to bring together and represent the members of the entourage of the person suffering from mental illness. To break the isolation and support of loved ones, our psychosocial Intervention Centre offers a range of free and confidential services.<\/p>\n<p>&nbsp;<\/p>\n<h3>Espace<\/h3>\n<p>Guillaume: <a href=\"mailto:guillaume.espace.ch@gmail.com\" target=\"_blank\" rel=\"noopener\">guillaume.espace.ch@gmail.com<\/a><br \/>\n450-692-5757<br \/>\nIndependent community organization working in child assault prevention, with children ages 3-12.<\/p>\n<p>&nbsp;<\/p>\n<h3>Chateauguay Police Community Intervention<\/h3>\n<p>Jean Phillipe: <a href=\"mailto:jean-philippe.hurteau@police.chateauguay.ca\" target=\"_blank\" rel=\"noopener\">jean-philippe.hurteau@police.chateauguay.ca<\/a><br \/>\nJenny Lavigne: <a href=\"mailto:jenny.lavigne@police.chateauguay.ca\" target=\"_blank\" rel=\"noopener\">jenny.lavigne@police.chateauguay.ca<\/a><br \/>\nNadia Grondin: <a href=\"mailto:nadia.grondin@police.chateauguay.ca\" target=\"_blank\" rel=\"noopener\">nadia.grondin@police.chateauguay.ca<\/a><br \/>\n450-698-1331<\/p>\n<p>&nbsp;<\/p>\n<h3>La Re-Source<\/h3>\n<p><a href=\"mailto:intervention@lare-source.org\" target=\"_blank\" rel=\"noopener\">intervention@lare-source.org<\/a><br \/>\n450-699-0908<br \/>\nA shelter and support centre for woman who experience conjugal violence.<\/p>\n<p>&nbsp;<\/p>\n<h3>L\u2019Elan des Jeunes<\/h3>\n<p><a href=\"mailto:direction.elandesjeunes@gmail.com\" target=\"_blank\" rel=\"noopener\">direction.elandesjeunes@gmail.com<\/a><br \/>\n450-844-3835<br \/>\nL\u2019Elan de Jeunes auberge du c\u0153ur, is a community organization offering accommodation for young people aged 16-22 who are in difficulty of homelessness, family conflicts, and poverty.<\/p>\n<p>&nbsp;<\/p>\n<h3>Maison Des Jeunes<\/h3>\n<p><a href=\"mailto:info@mdjchateauguay.ca\" target=\"_blank\" rel=\"noopener\">info@mdjchateauguay.ca<\/a><br \/>\n450-698-3343<br \/>\nOffers young people the opportunity to socialize during sports activities or other events and special activities.<\/p>\n<p>&nbsp;<\/p>\n<h3>Rencontre Chateaugoise<\/h3>\n<p><a href=\"mailto:dg@rencontrechateauguoise.com\" target=\"_blank\" rel=\"noopener\">dg@rencontrechateauguoise.com<\/a><br \/>\n<a href=\"mailto:tes@rencontrechateauguoise.com\" target=\"_blank\" rel=\"noopener\">tes@rencontrechateauguoise.com<\/a><br \/>\n450-699-6819<br \/>\nResources, food security and empowerment.<\/p>\n<p>&nbsp;<\/p>\n<h3>RIAPAS<\/h3>\n<p><em>Email coming soon<\/em><br \/>\n450-691-6682<br \/>\nInformation and assistance network for people receiving social assistance, is an organization dedicating to defending the rights of all people receiving social assistance who are disadvantage and unemployed.<\/p>\n<p>&nbsp;<\/p>\n<h3>Aire Ouverte<\/h3>\n<p><a href=\"mailto:aireouverte.cisssmo16@ssss.gouv.qc.ca\" target=\"_blank\" rel=\"noopener\">aireouverte.cisssmo16@ssss.gouv.qc.ca<\/a><br \/>\n1-888-440-2473<br \/>\nA flexible, and no appointment required service. Aire Ouverte is a place near you where you can go whenever you need to. Your visit is always welcome, day, evening, or weekend, and in complete confidentiality. Prefer not to travel? Aire Ouverte also offers virtual meetings.<\/p>\n<p>A team of professionals, such as a nurse or a social worker, will welcome you in a relaxed atmosphere. They will accompany you according to your needs, whether for advice, support, or listening. If you need a more specific follow-up, our staff will assist you.<\/p>","protected":false},"excerpt":{"rendered":"<p>Entraide Mercier Entraide Mercier&#8217;s mission is to support people in need and encourage community sharing. To achieve its mission, the organization operates a community thrift store. It is open to [&hellip;]<\/p>\n","protected":false},"author":4,"featured_media":0,"parent":0,"menu_order":0,"comment_status":"closed","ping_status":"closed","template":"","meta":{"footnotes":""},"class_list":["post-3289","page","type-page","status-publish","hentry"],"_links":{"self":[{"href":"https:\/\/hsb.nfsb.qc.ca\/fr\/wp-json\/wp\/v2\/pages\/3289","targetHints":{"allow":["GET"]}}],"collection":[{"href":"https:\/\/hsb.nfsb.qc.ca\/fr\/wp-json\/wp\/v2\/pages"}],"about":[{"href":"https:\/\/hsb.nfsb.qc.ca\/fr\/wp-json\/wp\/v2\/types\/page"}],"author":[{"embeddable":true,"href":"https:\/\/hsb.nfsb.qc.ca\/fr\/wp-json\/wp\/v2\/users\/4"}],"replies":[{"embeddable":true,"href":"https:\/\/hsb.nfsb.qc.ca\/fr\/wp-json\/wp\/v2\/comments?post=3289"}],"version-history":[{"count":5,"href":"https:\/\/hsb.nfsb.qc.ca\/fr\/wp-json\/wp\/v2\/pages\/3289\/revisions"}],"predecessor-version":[{"id":5386,"href":"https:\/\/hsb.nfsb.qc.ca\/fr\/wp-json\/wp\/v2\/pages\/3289\/revisions\/5386"}],"wp:attachment":[{"href":"https:\/\/hsb.nfsb.qc.ca\/fr\/wp-json\/wp\/v2\/media?parent=3289"}],"curies":[{"name":"wp","href":"https:\/\/api.w.org\/{rel}","templated":true}]}}